{"id":3893,"date":"2023-02-27T17:17:57","date_gmt":"2023-02-27T15:17:57","guid":{"rendered":"https:\/\/spaceanddefense.es\/the-institute\/"},"modified":"2023-08-30T10:16:41","modified_gmt":"2023-08-30T08:16:41","slug":"the-institute","status":"publish","type":"page","link":"https:\/\/spaceanddefense.es\/en\/the-institute\/","title":{"rendered":"The Institute"},"content":{"rendered":"\n<style type=\"text\/css\" data-created_by=\"avia_inline_auto\" id=\"style-css-av-leo1d7o1-33451a7f1964a382d053d8c5bc041c56\">\n.avia-section.av-leo1d7o1-33451a7f1964a382d053d8c5bc041c56 .av-parallax .av-parallax-inner{\nbackground-repeat:no-repeat;\nbackground-image:url(https:\/\/spaceanddefense.es\/wp-content\/uploads\/2023\/02\/conexiones-globales-scaled.jpg);\nbackground-position:100% 100%;\nbackground-attachment:scroll;\n}\n.avia-section.av-leo1d7o1-33451a7f1964a382d053d8c5bc041c56 .av-section-color-overlay{\nopacity:0.5;\nbackground-color:#000000;\n}\n<\/style>\n<div id='the-institute-desktop'  class='avia-section av-leo1d7o1-33451a7f1964a382d053d8c5bc041c56 main_color avia-section-default avia-no-border-styling  avia-builder-el-0  el_before_av_section  avia-builder-el-first  av-small-hide av-mini-hide avia-full-stretch av-parallax-section avia-bg-style-parallax av-section-color-overlay-active av-minimum-height av-minimum-height-100 av-height-100  container_wrap sidebar_right'  data-section-bg-repeat='stretch' data-av_minimum_height_pc='100' data-av_min_height_opt='100'><div class='av-parallax' data-avia-parallax-ratio='0.3' ><div class='av-parallax-inner main_color avia-full-stretch'><\/div><\/div><div class=\"av-section-color-overlay-wrap\"><div class=\"av-section-color-overlay\"><\/div><div class='container av-section-cont-open' ><main  role=\"main\" itemprop=\"mainContentOfPage\"  class='template-page content  av-content-small alpha units'><div class='post-entry post-entry-type-page post-entry-3893'><div class='entry-content-wrapper clearfix'>\n\n<style type=\"text\/css\" data-created_by=\"avia_inline_auto\" id=\"style-css-av-4kepwl-1fd1f97d32ee1732362febd6dc0621d5\">\n.flex_column.av-4kepwl-1fd1f97d32ee1732362febd6dc0621d5{\npadding:30px 0 0 0;\n}\n<\/style>\n<div  class='flex_column av-4kepwl-1fd1f97d32ee1732362febd6dc0621d5 av_three_fifth  avia-builder-el-1  el_before_av_one_third  avia-builder-el-first  first no_margin flex_column_div  '     ><style type=\"text\/css\" data-created_by=\"avia_inline_auto\" id=\"style-css-av-leo1qppi-a385a98ce5735b47798e4880c96a6ff6\">\n#top .av-special-heading.av-leo1qppi-a385a98ce5735b47798e4880c96a6ff6{\npadding-bottom:10px;\nfont-size:65px;\n}\nbody .av-special-heading.av-leo1qppi-a385a98ce5735b47798e4880c96a6ff6 .av-special-heading-tag .heading-char{\nfont-size:25px;\n}\n#top #wrap_all .av-special-heading.av-leo1qppi-a385a98ce5735b47798e4880c96a6ff6 .av-special-heading-tag{\nfont-size:65px;\n}\n.av-special-heading.av-leo1qppi-a385a98ce5735b47798e4880c96a6ff6 .av-subheading{\nfont-size:15px;\n}\n\n@media only screen and (min-width: 480px) and (max-width: 767px){ \n#top #wrap_all .av-special-heading.av-leo1qppi-a385a98ce5735b47798e4880c96a6ff6 .av-special-heading-tag{\nfont-size:0.8em;\n}\n}\n\n@media only screen and (max-width: 479px){ \n#top #wrap_all .av-special-heading.av-leo1qppi-a385a98ce5735b47798e4880c96a6ff6 .av-special-heading-tag{\nfont-size:0.8em;\n}\n}\n<\/style>\n<div  class='av-special-heading av-leo1qppi-a385a98ce5735b47798e4880c96a6ff6 av-special-heading-h2 blockquote modern-quote  avia-builder-el-2  avia-builder-el-no-sibling  av-inherit-size'><h2 class='av-special-heading-tag '  itemprop=\"headline\"  >The Space&amp;Defense Industry Institute<\/h2><div class=\"special-heading-border\"><div class=\"special-heading-inner-border\"><\/div><\/div><\/div><\/div>\n<style type=\"text\/css\" data-created_by=\"avia_inline_auto\" id=\"style-css-av-2s6h5x-6b31902bb5f81dbfa024bc0f56b97bdf\">\n.flex_column.av-2s6h5x-6b31902bb5f81dbfa024bc0f56b97bdf{\npadding:70px 0 0 0;\n}\n<\/style>\n<div  class='flex_column av-2s6h5x-6b31902bb5f81dbfa024bc0f56b97bdf av_one_third  avia-builder-el-3  el_after_av_three_fifth  el_before_av_one_half  no_margin flex_column_div  '     ><style type=\"text\/css\" data-created_by=\"avia_inline_auto\" id=\"style-css-av-leo248zu-367eeae4d1bf00ec516bbe4869e4d3e4\">\n.avia-image-container.av-leo248zu-367eeae4d1bf00ec516bbe4869e4d3e4 img.avia_image{\nbox-shadow:none;\n}\n.avia-image-container.av-leo248zu-367eeae4d1bf00ec516bbe4869e4d3e4 .av-image-caption-overlay-center{\ncolor:#ffffff;\n}\n<\/style>\n<div  class='avia-image-container av-leo248zu-367eeae4d1bf00ec516bbe4869e4d3e4 av-styling- avia-align-left  avia-builder-el-4  avia-builder-el-no-sibling '   itemprop=\"image\" itemscope=\"itemscope\" itemtype=\"https:\/\/schema.org\/ImageObject\" ><div class=\"avia-image-container-inner\"><div class=\"avia-image-overlay-wrap\"><img decoding=\"async\" fetchpriority=\"high\" class='wp-image-3873 avia-img-lazy-loading-not-3873 avia_image ' src=\"https:\/\/spaceanddefense.es\/wp-content\/uploads\/2023\/02\/logo_Institute_blanco_200px.png\" alt='' title='logo_Institute_blanco_200px'  height=\"73\" width=\"200\"  itemprop=\"thumbnailUrl\"  \/><\/div><\/div><\/div><\/div>\n<style type=\"text\/css\" data-created_by=\"avia_inline_auto\" id=\"style-css-av-2cvf79-8532ac9480ee08ab0f9c6d763e480e6f\">\n.flex_column.av-2cvf79-8532ac9480ee08ab0f9c6d763e480e6f{\nborder-radius:0 0 0 0;\npadding:0 0 0 0;\n}\n<\/style>\n<div  class='flex_column av-2cvf79-8532ac9480ee08ab0f9c6d763e480e6f av_one_half  avia-builder-el-5  el_after_av_one_third  el_before_av_one_half  first flex_column_div av-zero-column-padding  column-top-margin'     ><style type=\"text\/css\" data-created_by=\"avia_inline_auto\" id=\"style-css-av-leo1cpnr-13c6ef5ad25e59916bd7c18ba6112698\">\n#top .av_textblock_section.av-leo1cpnr-13c6ef5ad25e59916bd7c18ba6112698 .avia_textblock{\nfont-size:25px;\ntext-align:left;\n}\n\n@media only screen and (min-width: 480px) and (max-width: 767px){ \n#top .av_textblock_section.av-leo1cpnr-13c6ef5ad25e59916bd7c18ba6112698 .avia_textblock{\nfont-size:22px;\n}\n}\n\n@media only screen and (max-width: 479px){ \n#top .av_textblock_section.av-leo1cpnr-13c6ef5ad25e59916bd7c18ba6112698 .avia_textblock{\nfont-size:22px;\n}\n}\n<\/style>\n<section  class='av_textblock_section av-leo1cpnr-13c6ef5ad25e59916bd7c18ba6112698 '   itemscope=\"itemscope\" itemtype=\"https:\/\/schema.org\/CreativeWork\" ><div class='avia_textblock'  itemprop=\"text\" ><p><strong>The Defence and Space Industry Institute<\/strong> is a new think tank of the defence and aerospace industrial sector in Spain, which was created in order to provide an agile, dynamic and sustained response to the multiple opportunities that are opening up in the defence and aerospace sectors, which are in full economic and technological expansion.<\/p>\n<p>There is a significant increase in defence budgets in Spain and throughout Europe and innovation, development and achievements in the aerospace sector, including the creation of the Spanish Space Agency, require strategies and actions aimed at achieving the greatest possible success on the part of the industry linked to the sector.<\/p>\n<p>The need for a new forum for general conversation on the development of the defence and aerospace sectors was confirmed during the <strong>Space &amp; Defence Industry Seville Summit 2022<\/strong>, held in the Andalusian capital on 22 and 23 November, under the title <strong>&#8220;Space, Security and Defence: industrial and technological capabilities&#8221;<\/strong>.<\/p>\n<p>On the other hand, the Spanish Presidency of the European Union opens up great opportunities for high-tech sectors such as space and defence and their promotion in the Union as a whole.<\/p>\n<\/div><\/section><\/div>\n<style type=\"text\/css\" data-created_by=\"avia_inline_auto\" id=\"style-css-av-22i9k5-1b4412428f9620fa56119310e012a864\">\n.flex_column.av-22i9k5-1b4412428f9620fa56119310e012a864{\nborder-radius:0 0 0 0;\npadding:0 0 0 0;\n}\n<\/style>\n<div  class='flex_column av-22i9k5-1b4412428f9620fa56119310e012a864 av_one_half  avia-builder-el-7  el_after_av_one_half  avia-builder-el-last  flex_column_div av-zero-column-padding  column-top-margin'     ><style type=\"text\/css\" data-created_by=\"avia_inline_auto\" id=\"style-css-av-leo2e9su-54ed8d5ef7dad0cd1bd011763b232637\">\n#top .av_textblock_section.av-leo2e9su-54ed8d5ef7dad0cd1bd011763b232637 .avia_textblock{\nfont-size:25px;\ntext-align:left;\n}\n\n@media only screen and (min-width: 480px) and (max-width: 767px){ \n#top .av_textblock_section.av-leo2e9su-54ed8d5ef7dad0cd1bd011763b232637 .avia_textblock{\nfont-size:22px;\n}\n}\n\n@media only screen and (max-width: 479px){ \n#top .av_textblock_section.av-leo2e9su-54ed8d5ef7dad0cd1bd011763b232637 .avia_textblock{\nfont-size:22px;\n}\n}\n<\/style>\n<section  class='av_textblock_section av-leo2e9su-54ed8d5ef7dad0cd1bd011763b232637 '   itemscope=\"itemscope\" itemtype=\"https:\/\/schema.org\/CreativeWork\" ><div class='avia_textblock'  itemprop=\"text\" ><p>Defence and the aerospace sector are strategically important for the Spanish economy, as they contribute to increasing productive activity, expansion into new markets, job creation, the welfare of citizens and the development of technologies and industrial capabilities. Furthermore, they improve our competitiveness and positioning in the European environment, where Spain should occupy a prominent and firm position, given our industrial, technological and innovation capabilities.<\/p>\n<p>The <strong>Space and Defence Industry Institute<\/strong> is chaired by \u00c1ngel Escribano, President of Escribano Mechanical &amp; Engineering, while the Vice-President is \u00c1ngel de \u00c1lvaro, Secretary General of GDELS-Santa B\u00e1rbara Sistemas, and Joan Clos, former Minister of Industry, Tourism and Trade, is in charge of the Delegate Commission. The companies Sapa Placencia and Urovesa, among others, also form part of the Advisory Board.<\/p>\n<\/div><\/section><\/div><\/div><\/div><\/main><!-- close content main element --><\/div><\/div><\/div>\n<style type=\"text\/css\" data-created_by=\"avia_inline_auto\" id=\"style-css-av-lepfegyq-15293a0c509362bcc47193def13cefa6\">\n.avia-section.av-lepfegyq-15293a0c509362bcc47193def13cefa6 .av-parallax .av-parallax-inner{\nbackground-repeat:no-repeat;\nbackground-image:url(https:\/\/spaceanddefense.es\/wp-content\/uploads\/2023\/02\/conexiones-globales-scaled.jpg);\nbackground-position:100% 100%;\nbackground-attachment:scroll;\n}\n.avia-section.av-lepfegyq-15293a0c509362bcc47193def13cefa6 .av-section-color-overlay{\nopacity:0.5;\nbackground-color:#000000;\n}\n<\/style>\n<div id='the-institute-mobile'  class='avia-section av-lepfegyq-15293a0c509362bcc47193def13cefa6 main_color avia-section-default avia-no-border-styling  avia-builder-el-9  el_after_av_section  avia-builder-el-last  av-desktop-hide av-medium-hide avia-full-stretch av-parallax-section avia-bg-style-parallax av-section-color-overlay-active av-minimum-height av-minimum-height-100 av-height-100  container_wrap sidebar_right'  data-section-bg-repeat='stretch' data-av_minimum_height_pc='100' data-av_min_height_opt='100'><div class='av-parallax' data-avia-parallax-ratio='0.3' ><div class='av-parallax-inner main_color avia-full-stretch'><\/div><\/div><div class=\"av-section-color-overlay-wrap\"><div class=\"av-section-color-overlay\"><\/div><div class='container av-section-cont-open' ><div class='template-page content  av-content-small alpha units'><div class='post-entry post-entry-type-page post-entry-3893'><div class='entry-content-wrapper clearfix'>\n\n<style type=\"text\/css\" data-created_by=\"avia_inline_auto\" id=\"style-css-av-av_three_fourth-ff453e322a46790f5d76645dd46c1f09\">\n.flex_column.av-av_three_fourth-ff453e322a46790f5d76645dd46c1f09{\npadding:0 0 0 0;\n}\n<\/style>\n<div  class='flex_column av-av_three_fourth-ff453e322a46790f5d76645dd46c1f09 av_three_fourth  avia-builder-el-10  el_before_av_three_fourth  avia-builder-el-first  first no_margin flex_column_div  '     ><style type=\"text\/css\" data-created_by=\"avia_inline_auto\" id=\"style-css-av-lh7eyrhw-4a65e4d4df28a4ec664d454044f59fcb\">\n.avia-image-container.av-lh7eyrhw-4a65e4d4df28a4ec664d454044f59fcb img.avia_image{\nbox-shadow:none;\n}\n.avia-image-container.av-lh7eyrhw-4a65e4d4df28a4ec664d454044f59fcb .av-image-caption-overlay-center{\ncolor:#ffffff;\n}\n<\/style>\n<div  class='avia-image-container av-lh7eyrhw-4a65e4d4df28a4ec664d454044f59fcb av-styling- avia-align-center  avia-builder-el-11  avia-builder-el-no-sibling '   itemprop=\"image\" itemscope=\"itemscope\" itemtype=\"https:\/\/schema.org\/ImageObject\" ><div class=\"avia-image-container-inner\"><div class=\"avia-image-overlay-wrap\"><img decoding=\"async\" fetchpriority=\"high\" class='wp-image-3873 avia-img-lazy-loading-not-3873 avia_image ' src=\"https:\/\/spaceanddefense.es\/wp-content\/uploads\/2023\/02\/logo_Institute_blanco_200px.png\" alt='' title='logo_Institute_blanco_200px'  height=\"73\" width=\"200\"  itemprop=\"thumbnailUrl\"  \/><\/div><\/div><\/div><\/div>\n<style type=\"text\/css\" data-created_by=\"avia_inline_auto\" id=\"style-css-av-av_three_fourth-fd1f6640cfaf83ab93e8d69c36d985df\">\n.flex_column.av-av_three_fourth-fd1f6640cfaf83ab93e8d69c36d985df{\npadding:30px 0 0 0;\n}\n<\/style>\n<div  class='flex_column av-av_three_fourth-fd1f6640cfaf83ab93e8d69c36d985df av_three_fourth  avia-builder-el-12  el_after_av_three_fourth  avia-builder-el-last  first no_margin flex_column_div  column-top-margin'     ><p>\n<style type=\"text\/css\" data-created_by=\"avia_inline_auto\" id=\"style-css-av-av_heading-ab4ec3e3df51aa70dc1713f7646d072e\">\n#top .av-special-heading.av-av_heading-ab4ec3e3df51aa70dc1713f7646d072e{\npadding-bottom:10px;\nfont-size:38px;\n}\nbody .av-special-heading.av-av_heading-ab4ec3e3df51aa70dc1713f7646d072e .av-special-heading-tag .heading-char{\nfont-size:25px;\n}\n#top #wrap_all .av-special-heading.av-av_heading-ab4ec3e3df51aa70dc1713f7646d072e .av-special-heading-tag{\nfont-size:38px;\n}\n.av-special-heading.av-av_heading-ab4ec3e3df51aa70dc1713f7646d072e .av-subheading{\nfont-size:15px;\n}\n\n@media only screen and (min-width: 480px) and (max-width: 767px){ \n#top #wrap_all .av-special-heading.av-av_heading-ab4ec3e3df51aa70dc1713f7646d072e .av-special-heading-tag{\nfont-size:0.8em;\n}\n}\n\n@media only screen and (max-width: 479px){ \n#top #wrap_all .av-special-heading.av-av_heading-ab4ec3e3df51aa70dc1713f7646d072e .av-special-heading-tag{\nfont-size:0.8em;\n}\n}\n<\/style>\n<div  class='av-special-heading av-av_heading-ab4ec3e3df51aa70dc1713f7646d072e av-special-heading-h2 blockquote modern-quote modern-centered  avia-builder-el-13  el_before_av_textblock  avia-builder-el-first  av-inherit-size'><h2 class='av-special-heading-tag '  itemprop=\"headline\"  >The Space&amp;Defense Industry Institute<\/h2><div class=\"special-heading-border\"><div class=\"special-heading-inner-border\"><\/div><\/div><\/div><br \/>\n\n<style type=\"text\/css\" data-created_by=\"avia_inline_auto\" id=\"style-css-av-lepf2lef-a640f6f254a3714a7908c57757141c22\">\n#top .av_textblock_section.av-lepf2lef-a640f6f254a3714a7908c57757141c22 .avia_textblock{\ntext-align:left;\n}\n\n@media only screen and (min-width: 480px) and (max-width: 767px){ \n#top .av_textblock_section.av-lepf2lef-a640f6f254a3714a7908c57757141c22 .avia_textblock{\nfont-size:22px;\n}\n}\n\n@media only screen and (max-width: 479px){ \n#top .av_textblock_section.av-lepf2lef-a640f6f254a3714a7908c57757141c22 .avia_textblock{\nfont-size:22px;\n}\n}\n<\/style>\n<section  class='av_textblock_section av-lepf2lef-a640f6f254a3714a7908c57757141c22 '   itemscope=\"itemscope\" itemtype=\"https:\/\/schema.org\/CreativeWork\" ><div class='avia_textblock'  itemprop=\"text\" ><p><strong>The Defence and Space Industry Institute<\/strong> is a new think tank of the defence and aerospace industrial sector in Spain, which was created in order to provide an agile, dynamic and sustained response to the multiple opportunities that are opening up in the defence and aerospace sectors, which are in full economic and technological expansion.<\/p>\n<p>There is a significant increase in defence budgets in Spain and throughout Europe and innovation, development and achievements in the aerospace sector, including the creation of the Spanish Space Agency, require strategies and actions aimed at achieving the greatest possible success on the part of the industry linked to the sector.<\/p>\n<p>The need for a new forum for general conversation on the development of the defence and aerospace sectors was confirmed during the <strong>Space &amp; Defence Industry Seville Summit 2022<\/strong>, held in the Andalusian capital on 22 and 23 November, under the title <strong>&#8220;Space, Security and Defence: industrial and technological capabilities&#8221;<\/strong>.<\/p>\n<p>On the other hand, the Spanish Presidency of the European Union opens up great opportunities for high-tech sectors such as space and defence and their promotion in the Union as a whole.<\/p>\n<p>Defence and the aerospace sector are strategically important for the Spanish economy, as they contribute to increasing productive activity, expansion into new markets, job creation, the welfare of citizens and the development of technologies and industrial capabilities. Furthermore, they improve our competitiveness and positioning in the European environment, where Spain should occupy a prominent and firm position, given our industrial, technological and innovation capabilities.<\/p>\n<p>The <strong>Space and Defence Industry Institute<\/strong> is chaired by \u00c1ngel Escribano, President of Escribano Mechanical &amp; Engineering, while the Vice-President is \u00c1ngel de \u00c1lvaro, Secretary General of GDELS-Santa B\u00e1rbara Sistemas, and Joan Clos, former Minister of Industry, Tourism and Trade, is in charge of the Delegate Commission. The companies Sapa Placencia and Urovesa, among others, also form part of the Advisory Board.<\/p>\n<\/div><\/section><\/p><\/div><\/div><\/div><\/div><!-- close content main div --><\/div><\/div><\/div><div id='after_section_2'  class='main_color av_default_container_wrap container_wrap sidebar_right'  ><div class='container av-section-cont-open' ><div class='template-page content  av-content-small alpha units'><div class='post-entry post-entry-type-page post-entry-3893'><div class='entry-content-wrapper clearfix'><\/p>\n","protected":false},"excerpt":{"rendered":"","protected":false},"author":1,"featured_media":0,"parent":0,"menu_order":0,"comment_status":"closed","ping_status":"closed","template":"","meta":{"footnotes":""},"class_list":["post-3893","page","type-page","status-publish","hentry"],"_links":{"self":[{"href":"https:\/\/spaceanddefense.es\/en\/wp-json\/wp\/v2\/pages\/3893","targetHints":{"allow":["GET"]}}],"collection":[{"href":"https:\/\/spaceanddefense.es\/en\/wp-json\/wp\/v2\/pages"}],"about":[{"href":"https:\/\/spaceanddefense.es\/en\/wp-json\/wp\/v2\/types\/page"}],"author":[{"embeddable":true,"href":"https:\/\/spaceanddefense.es\/en\/wp-json\/wp\/v2\/users\/1"}],"replies":[{"embeddable":true,"href":"https:\/\/spaceanddefense.es\/en\/wp-json\/wp\/v2\/comments?post=3893"}],"version-history":[{"count":10,"href":"https:\/\/spaceanddefense.es\/en\/wp-json\/wp\/v2\/pages\/3893\/revisions"}],"predecessor-version":[{"id":4591,"href":"https:\/\/spaceanddefense.es\/en\/wp-json\/wp\/v2\/pages\/3893\/revisions\/4591"}],"wp:attachment":[{"href":"https:\/\/spaceanddefense.es\/en\/wp-json\/wp\/v2\/media?parent=3893"}],"curies":[{"name":"wp","href":"https:\/\/api.w.org\/{rel}","templated":true}]}}